{"id":1022,"date":"2018-02-13T09:49:13","date_gmt":"2018-02-13T14:49:13","guid":{"rendered":"http:\/\/qprcanada.ca\/?page_id=1022"},"modified":"2018-02-15T14:27:33","modified_gmt":"2018-02-15T19:27:33","slug":"produit-garantie","status":"publish","type":"page","link":"https:\/\/qprcanada.ca\/fr\/produit-garantie\/","title":{"rendered":"Produit Garantie"},"content":{"rendered":"<h1><strong>Garantie limit\u00e9e pour le Canada:<\/strong><\/h1>\n<p><strong>AVIS DE GARANTIE LIMIT\u00c9E:<\/strong> QPR, dont le si\u00e8ge social est situ\u00e9 au Five Concourse Parkway, Atlanta, GA 30328, garantit que ses produits sont de qualit\u00e9 marchande lorsqu\u2019ils sont utilis\u00e9s ou appliqu\u00e9s conform\u00e9ment aux directives qui figurent sur leur emballage. Les produits ne sont pas garantis quant \u00e0 leur caract\u00e8re convenable \u00e0 toute fin ou utilisation autre que les fins auxquelles ils sont destin\u00e9s selon la description qui figure sur leur emballage. La responsabilit\u00e9 aux termes de cette garantie, s\u2019il est jug\u00e9 d\u00e9fectueux, <strong>SE LIMITE<\/strong> au remplacement du produit (tel qu\u2019il a \u00e9t\u00e9 achet\u00e9), ou, au gr\u00e9 de QPR, au remboursement du prix d\u2019achat. Cette garantie est valide pendant une dur\u00e9e de un an \u00e0 compter de la date d\u2019achat du produit et elle est incessible. En cas de r\u00e9clamation faite en vertu de cette garantie, un avis doit \u00eatre donn\u00e9 \u00e0 QPR par la transmission d\u2019une lettre \u00e0 son si\u00e8ge social aux coordonn\u00e9es suivantes : QPR a\/s Warranties, Five Concourse Parkway, Atlanta, GA 30328 USA. <strong>LA PR\u00c9SENTE GARANTIE EST DONN\u00c9E ET ACCEPT\u00c9E ET TIENT LIEU DE TOUTE AUTRE GARANTIE CONVENTIONNELLE ET ELLE EXCLUT EXPRESS\u00c9MENT TOUTE RESPONSABILIT\u00c9 RELATIVE \u00c0 DES DOMMAGES-INT\u00c9R\u00caTS INDIRECTS OU CONS\u00c9CUTIFS.<\/strong><\/p>\n","protected":false},"excerpt":{"rendered":"<p>Garantie limit\u00e9e pour le Canada: AVIS DE GARANTIE LIMIT\u00c9E: QPR, dont le si\u00e8ge social est situ\u00e9 au Five Concourse Parkway, Atlanta, GA 30328, garantit que ses produits sont de qualit\u00e9 marchande lorsqu\u2019ils sont utilis\u00e9s ou appliqu\u00e9s conform\u00e9ment aux directives qui figurent sur leur emballage. Les produits ne sont pas garantis  [&#8230;]<\/p>\n","protected":false},"author":5,"featured_media":0,"parent":0,"menu_order":0,"comment_status":"closed","ping_status":"closed","template":"","meta":{"_monsterinsights_skip_tracking":false,"_monsterinsights_sitenote_active":false,"_monsterinsights_sitenote_note":"","_monsterinsights_sitenote_category":0,"footnotes":""},"class_list":["post-1022","page","type-page","status-publish","hentry"],"aioseo_notices":[],"_links":{"self":[{"href":"https:\/\/qprcanada.ca\/fr\/wp-json\/wp\/v2\/pages\/1022","targetHints":{"allow":["GET"]}}],"collection":[{"href":"https:\/\/qprcanada.ca\/fr\/wp-json\/wp\/v2\/pages"}],"about":[{"href":"https:\/\/qprcanada.ca\/fr\/wp-json\/wp\/v2\/types\/page"}],"author":[{"embeddable":true,"href":"https:\/\/qprcanada.ca\/fr\/wp-json\/wp\/v2\/users\/5"}],"replies":[{"embeddable":true,"href":"https:\/\/qprcanada.ca\/fr\/wp-json\/wp\/v2\/comments?post=1022"}],"version-history":[{"count":4,"href":"https:\/\/qprcanada.ca\/fr\/wp-json\/wp\/v2\/pages\/1022\/revisions"}],"predecessor-version":[{"id":1031,"href":"https:\/\/qprcanada.ca\/fr\/wp-json\/wp\/v2\/pages\/1022\/revisions\/1031"}],"wp:attachment":[{"href":"https:\/\/qprcanada.ca\/fr\/wp-json\/wp\/v2\/media?parent=1022"}],"curies":[{"name":"wp","href":"https:\/\/api.w.org\/{rel}","templated":true}]}}