{"id":693,"date":"2014-05-20T17:09:18","date_gmt":"2014-05-20T21:09:18","guid":{"rendered":"http:\/\/qprcanada.ca\/?page_id=693"},"modified":"2024-07-17T07:47:23","modified_gmt":"2024-07-17T11:47:23","slug":"accueil","status":"publish","type":"page","link":"https:\/\/qprcanada.ca\/fr\/","title":{"rendered":"Accueil"},"content":{"rendered":"<div class=\"fusion-fullwidth fullwidth-box fusion-builder-row-1 hundred-percent-fullwidth non-hundred-percent-height-scrolling\" style=\"--awb-border-radius-top-left:0px;--awb-border-radius-top-right:0px;--awb-border-radius-bottom-right:0px;--awb-border-radius-bottom-left:0px;--awb-overflow:visible;--awb-flex-wrap:wrap;\" ><div class=\"fusion-builder-row fusion-row\"><div class=\"fusion-layout-column fusion_builder_column fusion-builder-column-0 fusion_builder_column_2_3 2_3 fusion-two-third fusion-column-first\" style=\"--awb-bg-blend:overlay;--awb-bg-size:cover;width:66.666666666667%;width:calc(66.666666666667% - ( ( 4% ) * 0.66666666666667 ) );margin-right: 4%;\"><div class=\"fusion-column-wrapper fusion-flex-column-wrapper-legacy\"><div class=\"fusion-title title fusion-title-1 fusion-title-text fusion-title-size-one\" style=\"--awb-margin-top-small:10px;--awb-margin-right-small:0px;--awb-margin-bottom-small:10px;--awb-margin-left-small:0px;\"><h1 class=\"fusion-title-heading title-heading-left\" style=\"margin:0;\">L&rsquo;enrob\u00e9 \u00e0 froid haute performance no 1 au Canada<\/h1><span class=\"awb-title-spacer\"><\/span><div class=\"title-sep-container\"><div class=\"title-sep sep-double sep-solid\" style=\"border-color:#3e3e3e;\"><\/div><\/div><\/div><div class=\"fusion-text fusion-text-1\"><h3>QPR est le fournisseur d&rsquo;enrob\u00e9 \u00e0 froid haute performance le plus fiable au Canada depuis 1984. Notre additif hydrofuge exclusif donne des r\u00e9sultats garantis, c&rsquo;est pourquoi l&rsquo;enrob\u00e9 \u00e0 froid haute performance QPR r\u00e9siste au climat canadien depuis des d\u00e9cennies. Gr\u00e2ce \u00e0 la fid\u00e9lit\u00e9 de notre client\u00e8le, nous n&rsquo;avons cess\u00e9 d&rsquo;accro\u00eetre la distribution de notre produit de base \u00e0 l&rsquo;\u00e9chelle nationale, en vrac et en sac.<\/h3>\n<h3>L&rsquo;enrob\u00e9 \u00e0 froid haute performance QPR r\u00e9pare de fa\u00e7on permanente les nids-de-poule, les tranch\u00e9es de services publics et les bordures de rue\u2026 c&rsquo;est garanti. QPR est efficace par tous les temps, m\u00eame sur une chauss\u00e9e mouill\u00e9e. Pas besoin de s\u00e9cher le nid-de-poule ou d&rsquo;ajouter une couche d&rsquo;accrochage! Que vous utilisiez notre produit en sac ou en vrac, aucun m\u00e9lange pr\u00e9alable n&rsquo;est requis. Il suffit d&rsquo;appliquer le mat\u00e9riau en couches de cinq centim\u00e8tres avec un pilon, une pelle ou un pneu de voiture, et le tour est jou\u00e9!<\/h3>\n<\/div><div class=\"fusion-clearfix\"><\/div><\/div><\/div><div class=\"fusion-layout-column fusion_builder_column fusion-builder-column-1 fusion_builder_column_1_3 1_3 fusion-one-third fusion-column-last\" style=\"--awb-bg-blend:overlay;--awb-bg-size:cover;width:33.333333333333%;width:calc(33.333333333333% - ( ( 4% ) * 0.33333333333333 ) );\"><div class=\"fusion-column-wrapper fusion-flex-column-wrapper-legacy\"><div class=\"fusion-title title fusion-title-2 fusion-title-text fusion-title-size-two\" style=\"--awb-margin-top-small:10px;--awb-margin-right-small:0px;--awb-margin-bottom-small:10px;--awb-margin-left-small:0px;\"><h2 class=\"fusion-title-heading title-heading-left\" style=\"margin:0;\">Ce qu&rsquo;en disent nos clients<\/h2><span class=\"awb-title-spacer\"><\/span><div class=\"title-sep-container\"><div class=\"title-sep sep-double sep-solid\" style=\"border-color:#3e3e3e;\"><\/div><\/div><\/div><div class=\"fusion-testimonials classic awb-speech-bubble-show fusion-testimonials-1\" style=\"--awb-textcolor:#aaa9a9;--awb-backgroundcolor:#3e3e3e;--awb-testimonial-border-style:solid;--awb-testimonial-border-color:var(--awb-color3);--awb-border-top-left-radius:0px;--awb-border-top-right-radius:0px;--awb-border-bottom-left-radius:0px;--awb-border-bottom-right-radius:0px;--testimonial-border-width-top:0px;--testimonial-border-width-right:0px;--testimonial-border-width-bottom:0px;--testimonial-border-width-left:0px;\" data-random=\"0\" data-speed=\"4000\"><div class=\"reviews\">\n<div class=\"review active-testimonial male\"><blockquote><div class=\"awb-quote\"><div class=\"awb-quote-content\">J&rsquo;ach\u00e8te le mat\u00e9riau de r\u00e9paration de chauss\u00e9e haute performance QPR en sacs et je peux affirmer qu&rsquo;il est facile \u00e0 manipuler, tr\u00e8s mall\u00e9able et durable.<\/div><\/div><span class=\"awb-triangle\"><\/span><\/blockquote><div class=\"author\"><span class=\"testimonial-thumbnail doe\"><\/span><span class=\"company-name\"><strong>Ken<\/strong><span>, <\/span><span>Colombie-Britannique, Canada<\/span><\/span><\/div><\/div>\n<div class=\"review male\"><blockquote><div class=\"awb-quote\"><div class=\"awb-quote-content\">J&rsquo;ai achet\u00e9 du QPR 6690 chez Lowe\u2019s cette ann\u00e9e et je m&rsquo;en suis servi pour un stationnement. Le produit est efficace et mon client \u00e9tait tr\u00e8s satisfait.<\/div><\/div><span class=\"awb-triangle\"><\/span><\/blockquote><div class=\"author\"><span class=\"testimonial-thumbnail doe\"><\/span><span class=\"company-name\"><strong>Scott<\/strong><span>, <\/span><span>Ontario, Canada<\/span><\/span><\/div><\/div>\n<\/div><\/div><div class=\"fusion-clearfix\"><\/div><\/div><\/div><div class=\"fusion-layout-column fusion_builder_column fusion-builder-column-2 fusion_builder_column_2_3 2_3 fusion-two-third fusion-column-first\" style=\"--awb-bg-size:cover;width:66.666666666667%;width:calc(66.666666666667% - ( ( 4% ) * 0.66666666666667 ) );margin-right: 4%;\"><div class=\"fusion-column-wrapper fusion-column-has-shadow fusion-flex-column-wrapper-legacy\"><div class=\"fusion-image-element in-legacy-container\" style=\"--awb-caption-title-font-family:var(--h2_typography-font-family);--awb-caption-title-font-weight:var(--h2_typography-font-weight);--awb-caption-title-font-style:var(--h2_typography-font-style);--awb-caption-title-size:var(--h2_typography-font-size);--awb-caption-title-transform:var(--h2_typography-text-transform);--awb-caption-title-line-height:var(--h2_typography-line-height);--awb-caption-title-letter-spacing:var(--h2_typography-letter-spacing);\"><span class=\" fusion-imageframe imageframe-none imageframe-1 hover-type-none\"><a class=\"fusion-no-lightbox\" href=\"http:\/\/www.youtube.com\/watch?v=OGEUPKlM8PA\" target=\"_blank\" aria-label=\"ProductDemo-French@2x\" rel=\"noopener noreferrer\"><img decoding=\"async\" width=\"1170\" height=\"330\" src=\"https:\/\/qprcanada.ca\/wp-content\/uploads\/2014\/06\/ProductDemo-French@2x.jpg\" alt class=\"img-responsive wp-image-1243\" srcset=\"https:\/\/qprcanada.ca\/wp-content\/uploads\/2014\/06\/ProductDemo-French@2x-300x84.jpg 300w, https:\/\/qprcanada.ca\/wp-content\/uploads\/2014\/06\/ProductDemo-French@2x-1024x288.jpg 1024w, https:\/\/qprcanada.ca\/wp-content\/uploads\/2014\/06\/ProductDemo-French@2x.jpg 1170w\" sizes=\"(max-width: 1170px) 100vw, 1170px\" \/><\/a><\/span><\/div><div class=\"fusion-clearfix\"><\/div><\/div><\/div><div class=\"fusion-layout-column fusion_builder_column fusion-builder-column-3 fusion_builder_column_1_3 1_3 fusion-one-third fusion-column-last\" style=\"--awb-bg-size:cover;width:33.333333333333%;width:calc(33.333333333333% - ( ( 4% ) * 0.33333333333333 ) );\"><div class=\"fusion-column-wrapper fusion-column-has-shadow fusion-flex-column-wrapper-legacy\"><div class=\"fusion-image-element in-legacy-container\" style=\"--awb-caption-title-font-family:var(--h2_typography-font-family);--awb-caption-title-font-weight:var(--h2_typography-font-weight);--awb-caption-title-font-style:var(--h2_typography-font-style);--awb-caption-title-size:var(--h2_typography-font-size);--awb-caption-title-transform:var(--h2_typography-text-transform);--awb-caption-title-line-height:var(--h2_typography-line-height);--awb-caption-title-letter-spacing:var(--h2_typography-letter-spacing);\"><span class=\" fusion-imageframe imageframe-none imageframe-2 hover-type-none\"><a class=\"fusion-no-lightbox\" href=\"https:\/\/www.rona.ca\/en\/product\/qpr-permanent-and-easy-pothole-repair-material-mrn03-30735199\" target=\"_blank\" aria-label=\"RonaAd-French\" rel=\"noopener noreferrer\"><img decoding=\"async\" width=\"690\" height=\"330\" src=\"https:\/\/qprcanada.ca\/wp-content\/uploads\/2024\/07\/RonaAd-French.jpg\" alt class=\"img-responsive wp-image-1357\" srcset=\"https:\/\/qprcanada.ca\/wp-content\/uploads\/2024\/07\/RonaAd-French-200x96.jpg 200w, https:\/\/qprcanada.ca\/wp-content\/uploads\/2024\/07\/RonaAd-French-400x191.jpg 400w, https:\/\/qprcanada.ca\/wp-content\/uploads\/2024\/07\/RonaAd-French-600x287.jpg 600w, https:\/\/qprcanada.ca\/wp-content\/uploads\/2024\/07\/RonaAd-French.jpg 690w\" sizes=\"(max-width: 800px) 100vw, 400px\" \/><\/a><\/span><\/div><div class=\"fusion-clearfix\"><\/div><\/div><\/div><\/div><\/div>\n","protected":false},"excerpt":{"rendered":"","protected":false},"author":5,"featured_media":0,"parent":0,"menu_order":0,"comment_status":"closed","ping_status":"open","template":"","meta":{"_monsterinsights_skip_tracking":false,"_monsterinsights_sitenote_active":false,"_monsterinsights_sitenote_note":"","_monsterinsights_sitenote_category":0,"footnotes":""},"class_list":["post-693","page","type-page","status-publish","hentry"],"aioseo_notices":[],"_links":{"self":[{"href":"https:\/\/qprcanada.ca\/fr\/wp-json\/wp\/v2\/pages\/693","targetHints":{"allow":["GET"]}}],"collection":[{"href":"https:\/\/qprcanada.ca\/fr\/wp-json\/wp\/v2\/pages"}],"about":[{"href":"https:\/\/qprcanada.ca\/fr\/wp-json\/wp\/v2\/types\/page"}],"author":[{"embeddable":true,"href":"https:\/\/qprcanada.ca\/fr\/wp-json\/wp\/v2\/users\/5"}],"replies":[{"embeddable":true,"href":"https:\/\/qprcanada.ca\/fr\/wp-json\/wp\/v2\/comments?post=693"}],"version-history":[{"count":6,"href":"https:\/\/qprcanada.ca\/fr\/wp-json\/wp\/v2\/pages\/693\/revisions"}],"predecessor-version":[{"id":1359,"href":"https:\/\/qprcanada.ca\/fr\/wp-json\/wp\/v2\/pages\/693\/revisions\/1359"}],"wp:attachment":[{"href":"https:\/\/qprcanada.ca\/fr\/wp-json\/wp\/v2\/media?parent=693"}],"curies":[{"name":"wp","href":"https:\/\/api.w.org\/{rel}","templated":true}]}}