{"id":704,"date":"2014-06-16T14:00:52","date_gmt":"2014-06-16T18:00:52","guid":{"rendered":"http:\/\/qprcanada.ca\/?page_id=704"},"modified":"2024-07-17T08:50:44","modified_gmt":"2024-07-17T12:50:44","slug":"produits-et-services","status":"publish","type":"page","link":"https:\/\/qprcanada.ca\/fr\/produits-et-services\/","title":{"rendered":"Produits et Services"},"content":{"rendered":"<div class=\"fusion-fullwidth fullwidth-box fusion-builder-row-1 hundred-percent-fullwidth non-hundred-percent-height-scrolling\" style=\"--awb-border-radius-top-left:0px;--awb-border-radius-top-right:0px;--awb-border-radius-bottom-right:0px;--awb-border-radius-bottom-left:0px;--awb-overflow:visible;--awb-flex-wrap:wrap;\" ><div class=\"fusion-builder-row fusion-row\"><div class=\"fusion-layout-column fusion_builder_column fusion-builder-column-0 fusion_builder_column_1_3 1_3 fusion-one-third fusion-column-first\" style=\"--awb-bg-blend:overlay;--awb-bg-size:cover;width:33.333333333333%;width:calc(33.333333333333% - ( ( 4% + 4% ) * 0.33333333333333 ) );margin-right: 4%;\"><div class=\"fusion-column-wrapper fusion-flex-column-wrapper-legacy\"><div class=\"fusion-text fusion-text-1\"><p><a title=\"Enrob\u00e9 \u00e0 froid QPR \u2013 sacs de 22,7 kg ou 50 lb\" href=\"http:\/\/qprcanada.ca\/fr\/produits-et-services\/enrobe-a-froid-qpr-sacs-de-22-7-kg-ou-50-lb\/\"><img decoding=\"async\" class=\"aligncenter\" title=\"\" src=\"http:\/\/qprcanada.ca\/wp-content\/uploads\/2013\/10\/QPR_Silver_Bag.png\" alt=\"\" width=\"200\" \/><\/a><\/p>\n<h2 style=\"text-align: center;\"><a title=\"Enrob\u00e9 \u00e0 froid QPR \u2013 sacs de 22,7 kg ou 50 lb\" href=\"http:\/\/qprcanada.ca\/fr\/products-services\/qpr-22-7-kg-or-50-lb-bags-cold-mix\/\">Enrob\u00e9 \u00e0 froid QPR \u2013 sacs de 22,7 kg ou 50 lb<\/a><\/h2>\n<\/div><div class=\"fusion-clearfix\"><\/div><\/div><\/div><div class=\"fusion-layout-column fusion_builder_column fusion-builder-column-1 fusion_builder_column_1_3 1_3 fusion-one-third\" style=\"--awb-bg-blend:overlay;--awb-bg-size:cover;width:33.333333333333%;width:calc(33.333333333333% - ( ( 4% + 4% ) * 0.33333333333333 ) );margin-right: 4%;\"><div class=\"fusion-column-wrapper fusion-flex-column-wrapper-legacy\"><div class=\"fusion-text fusion-text-2\"><p><a title=\"Enrob\u00e9 \u00e0 froid en vrac \u2013 production sur place\" href=\"http:\/\/qprcanada.ca\/fr\/products-services\/bulk-cold-mix\/\"><img decoding=\"async\" class=\"aligncenter\" title=\"\" src=\"http:\/\/qprcanada.ca\/wp-content\/uploads\/2013\/10\/BulkPile.jpg\" alt=\"\" width=\"300\" \/><\/a><\/p>\n<h2 style=\"text-align: center;\"><a title=\"Enrob\u00e9 \u00e0 froid en vrac \u2013 production sur place\" href=\"http:\/\/qprcanada.ca\/fr\/products-services\/bulk-cold-mix\/\">Enrob\u00e9 \u00e0 froid en vrac \u2013 production sur place<\/a><\/h2>\n<\/div><div class=\"fusion-clearfix\"><\/div><\/div><\/div><div class=\"fusion-layout-column fusion_builder_column fusion-builder-column-2 fusion_builder_column_1_3 1_3 fusion-one-third fusion-column-last\" style=\"--awb-bg-blend:overlay;--awb-bg-size:cover;width:33.333333333333%;width:calc(33.333333333333% - ( ( 4% + 4% ) * 0.33333333333333 ) );\"><div class=\"fusion-column-wrapper fusion-flex-column-wrapper-legacy\"><div class=\"fusion-text fusion-text-3\"><p><a title=\"6690 \u2013 scellant \u00e0 fissures et joints asphaltiques, pos\u00e9 \u00e0 chaud\" href=\"http:\/\/qprcanada.ca\/fr\/products-services\/6690-hot-applied-crack-sealant\/\"><img decoding=\"async\" class=\"aligncenter\" title=\"\" src=\"http:\/\/qprcanada.ca\/wp-content\/uploads\/2013\/10\/6690.png\" alt=\"\" \/><\/a><\/p>\n<h2 style=\"text-align: center;\"><a title=\"6690 \u2013 scellant \u00e0 fissures et joints asphaltiques, pos\u00e9 \u00e0 chaud\" href=\"http:\/\/qprcanada.ca\/fr\/products-services\/6690-hot-applied-crack-sealant\/\">6690 \u2013 scellant \u00e0 fissures et joints asphaltiques, pos\u00e9 \u00e0 chaud<\/a><\/h2>\n<\/div><div class=\"fusion-clearfix\"><\/div><\/div><\/div><\/div><\/div>\n","protected":false},"excerpt":{"rendered":"","protected":false},"author":5,"featured_media":0,"parent":0,"menu_order":0,"comment_status":"closed","ping_status":"open","template":"","meta":{"_monsterinsights_skip_tracking":false,"_monsterinsights_sitenote_active":false,"_monsterinsights_sitenote_note":"","_monsterinsights_sitenote_category":0,"footnotes":""},"class_list":["post-704","page","type-page","status-publish","hentry"],"aioseo_notices":[],"_links":{"self":[{"href":"https:\/\/qprcanada.ca\/fr\/wp-json\/wp\/v2\/pages\/704","targetHints":{"allow":["GET"]}}],"collection":[{"href":"https:\/\/qprcanada.ca\/fr\/wp-json\/wp\/v2\/pages"}],"about":[{"href":"https:\/\/qprcanada.ca\/fr\/wp-json\/wp\/v2\/types\/page"}],"author":[{"embeddable":true,"href":"https:\/\/qprcanada.ca\/fr\/wp-json\/wp\/v2\/users\/5"}],"replies":[{"embeddable":true,"href":"https:\/\/qprcanada.ca\/fr\/wp-json\/wp\/v2\/comments?post=704"}],"version-history":[{"count":3,"href":"https:\/\/qprcanada.ca\/fr\/wp-json\/wp\/v2\/pages\/704\/revisions"}],"predecessor-version":[{"id":1375,"href":"https:\/\/qprcanada.ca\/fr\/wp-json\/wp\/v2\/pages\/704\/revisions\/1375"}],"wp:attachment":[{"href":"https:\/\/qprcanada.ca\/fr\/wp-json\/wp\/v2\/media?parent=704"}],"curies":[{"name":"wp","href":"https:\/\/api.w.org\/{rel}","templated":true}]}}