{"id":722,"date":"2014-06-16T14:32:02","date_gmt":"2014-06-16T18:32:02","guid":{"rendered":"http:\/\/qprcanada.ca\/?page_id=722"},"modified":"2019-08-19T10:12:23","modified_gmt":"2019-08-19T14:12:23","slug":"enrobe-a-froid-en-vrac-production-sur-place","status":"publish","type":"page","link":"https:\/\/qprcanada.ca\/fr\/produits-et-services\/enrobe-a-froid-en-vrac-production-sur-place\/","title":{"rendered":"Enrob\u00e9 \u00e0 froid en vrac \u2013 production sur place"},"content":{"rendered":"<div class=\"fusion-fullwidth fullwidth-box fusion-builder-row-1 hundred-percent-fullwidth non-hundred-percent-height-scrolling\" style=\"--awb-border-radius-top-left:0px;--awb-border-radius-top-right:0px;--awb-border-radius-bottom-right:0px;--awb-border-radius-bottom-left:0px;--awb-overflow:visible;--awb-flex-wrap:wrap;\" ><div class=\"fusion-builder-row fusion-row\"><div class=\"fusion-layout-column fusion_builder_column fusion-builder-column-0 fusion_builder_column_1_1 1_1 fusion-one-full fusion-column-first fusion-column-last fusion-column-no-min-height\" style=\"--awb-bg-size:cover;--awb-margin-bottom:0px;\"><div class=\"fusion-column-wrapper fusion-flex-column-wrapper-legacy\"><div class=\"fusion-image-element fusion-image-align-center in-legacy-container\" style=\"text-align:center;--awb-caption-title-font-family:var(--h2_typography-font-family);--awb-caption-title-font-weight:var(--h2_typography-font-weight);--awb-caption-title-font-style:var(--h2_typography-font-style);--awb-caption-title-size:var(--h2_typography-font-size);--awb-caption-title-transform:var(--h2_typography-text-transform);--awb-caption-title-line-height:var(--h2_typography-line-height);--awb-caption-title-letter-spacing:var(--h2_typography-letter-spacing);\"><div class=\"imageframe-align-center\"><span class=\" fusion-imageframe imageframe-none imageframe-1 hover-type-none fusion-animated\" style=\"border:1px solid #fff;\" data-animationType=\"bounceInDown\" data-animationDuration=\"1.0\" data-animationOffset=\"top-into-view\"><img decoding=\"async\" src=\"http:\/\/qprcanada.ca\/wp-content\/uploads\/2013\/10\/PortablePugmill3.jpg\" alt class=\"img-responsive\"\/><\/span><\/div><\/div><div class=\"fusion-text fusion-text-1\"><h3>Notre enrob\u00e9 \u00e0 froid haute performance QPR en vrac vous int\u00e9resse? Que ce soit pour subvenir \u00e0 vos propres besoins ou pour devenir distributeur, nous pouvons produire ce mat\u00e9riau pour vous de trois fa\u00e7ons.<\/h3>\n<\/div><div class=\"fusion-clearfix\"><\/div><\/div><\/div><div class=\"fusion-layout-column fusion_builder_column fusion-builder-column-1 fusion_builder_column_1_3 1_3 fusion-one-third fusion-column-first\" style=\"--awb-bg-size:cover;width:33.333333333333%;width:calc(33.333333333333% - ( ( 4% + 4% ) * 0.33333333333333 ) );margin-right: 4%;\"><div class=\"fusion-column-wrapper fusion-flex-column-wrapper-legacy\"><div class=\"fusion-text fusion-text-2\"><h3>No 1 \u2013 Production en vrac avec pugmill mobile<\/h3>\n<ul>\n<li>Production d&rsquo;enrob\u00e9 \u00e0 froid en vrac avec notre pugmill mobile<\/li>\n<li>Processus de fabrication \u00e0 froid\u00a0\u2013 pas besoin de chauffer ou de s\u00e9cher le granulat<\/li>\n<li>Pas besoin de lancer votre centrale de malaxage \u00e0 chaud<\/li>\n<li>Pas besoin d&rsquo;arr\u00eater votre production d&rsquo;enrob\u00e9 \u00e0 chaud pour faire de l&rsquo;enrob\u00e9 \u00e0 froid<\/li>\n<li>QPR fournit le m\u00e9lange liquide fini<\/li>\n<li>Vous pouvez produire pendant les mois d&rsquo;hiver quand les centrales sont ferm\u00e9es<\/li>\n<li>Production \u00e0 un rythme de 300\u00a0tonnes l&rsquo;heure<\/li>\n<\/ul>\n<h3>Que devez-vous fournir?<\/h3>\n<ul>\n<li>Granulat vierge fait \u00e0 100 % de pierre concass\u00e9e conforme \u00e0 nos sp\u00e9cifications<\/li>\n<li>Deux chargeurs durant la production (un pour alimenter la tr\u00e9mie et l&rsquo;autre pour enlever le produit fini)<\/li>\n<\/ul>\n<\/div><div class=\"fusion-clearfix\"><\/div><\/div><\/div><div class=\"fusion-layout-column fusion_builder_column fusion-builder-column-2 fusion_builder_column_1_3 1_3 fusion-one-third\" style=\"--awb-bg-size:cover;width:33.333333333333%;width:calc(33.333333333333% - ( ( 4% + 4% ) * 0.33333333333333 ) );margin-right: 4%;\"><div class=\"fusion-column-wrapper fusion-flex-column-wrapper-legacy\"><div class=\"fusion-text fusion-text-3\"><h3>N<sup>o<\/sup>\u00a02\u00a0\u2013 Production en vrac pour usine d&rsquo;asphalte<\/h3>\n<ul>\n<li>Production en vrac d&rsquo;enrob\u00e9 \u00e0 froid dans votre usine d&rsquo;asphalte<\/li>\n<li>QPR fournit le produit liquide fini<\/li>\n<li>Le liquide peut \u00eatre produit \u00e0 partir du camion bitumier ou de vos cuves de stockage<\/li>\n<\/ul>\n<h3>Que devez-vous fournir?<\/h3>\n<ul>\n<li>Granulat vierge fait \u00e0 100\u00a0% de pierre concass\u00e9e conforme \u00e0 nos sp\u00e9cifications<\/li>\n<li>Votre usine d&rsquo;asphalte<\/li>\n<li>Des chargeurs durant la production<\/li>\n<\/ul>\n<\/div><div class=\"fusion-clearfix\"><\/div><\/div><\/div><div class=\"fusion-layout-column fusion_builder_column fusion-builder-column-3 fusion_builder_column_1_3 1_3 fusion-one-third fusion-column-last\" style=\"--awb-bg-size:cover;width:33.333333333333%;width:calc(33.333333333333% - ( ( 4% + 4% ) * 0.33333333333333 ) );\"><div class=\"fusion-column-wrapper fusion-flex-column-wrapper-legacy\"><div class=\"fusion-text fusion-text-4\"><h3>\u00a0N<sup>o<\/sup>\u00a03\u00a0\u2013 Production mobile avec malaxeur et pugmill mobiles<\/h3>\n<ul>\n<li>Le m\u00e9lange liquide est formul\u00e9 et malax\u00e9 sur place<\/li>\n<li>Production d&rsquo;enrob\u00e9 \u00e0 froid en vrac avec notre pugmill mobile<\/li>\n<li>Processus de fabrication \u00e0 froid\u00a0\u2013 pas besoin de chauffer ou de s\u00e9cher le granulat<\/li>\n<li>Pas besoin de lancer votre centrale de malaxage \u00e0 chaud<\/li>\n<li>Pas besoin d&rsquo;arr\u00eater votre production d&rsquo;enrob\u00e9 \u00e0 chaud pour faire de l&rsquo;enrob\u00e9 \u00e0 froid<\/li>\n<li>QPR fournit le m\u00e9lange liquide fini<\/li>\n<li>Vous pouvez produire pendant les mois d&rsquo;hiver quand les centrales sont ferm\u00e9es<\/li>\n<li>Production \u00e0 un rythme de 300\u00a0tonnes l&rsquo;heure<\/li>\n<\/ul>\n<h3>Que devez-vous fournir?<\/h3>\n<ul>\n<li>Granulat vierge fait \u00e0 100\u00a0% de pierre concass\u00e9e conforme \u00e0 nos sp\u00e9cifications<\/li>\n<li>Deux chargeurs durant la production (un pour alimenter la tr\u00e9mie et l&rsquo;autre pour enlever le produit fini)<\/li>\n<\/ul>\n<\/div><div class=\"fusion-clearfix\"><\/div><\/div><\/div><div class=\"fusion-layout-column fusion_builder_column fusion-builder-column-4 fusion_builder_column_1_1 1_1 fusion-one-full fusion-column-first fusion-column-last fusion-column-no-min-height\" style=\"--awb-bg-size:cover;--awb-margin-bottom:0px;\"><div class=\"fusion-column-wrapper fusion-flex-column-wrapper-legacy\"><div class=\"fusion-button-wrapper\"><a class=\"fusion-button button-flat button-large button-darkgray fusion-button-darkgray button-1 fusion-button-default-span fusion-button-default-type\" target=\"_blank\" rel=\"noopener noreferrer\" href=\"http:\/\/qprcanada.ca\/wp-content\/uploads\/2019\/08\/GHS-QPR-Permanent-Blacktop-Repair-No-VOC_FRE.pdf\"><span class=\"fusion-button-text awb-button__text awb-button__text--default\"> FICHE TECHNIQUE (PDF)<\/span><\/a><\/div><div class=\"fusion-clearfix\"><\/div><\/div><\/div><\/div><\/div>\n","protected":false},"excerpt":{"rendered":"","protected":false},"author":5,"featured_media":0,"parent":704,"menu_order":2,"comment_status":"closed","ping_status":"open","template":"","meta":{"_monsterinsights_skip_tracking":false,"_monsterinsights_sitenote_active":false,"_monsterinsights_sitenote_note":"","_monsterinsights_sitenote_category":0,"footnotes":""},"class_list":["post-722","page","type-page","status-publish","hentry"],"aioseo_notices":[],"_links":{"self":[{"href":"https:\/\/qprcanada.ca\/fr\/wp-json\/wp\/v2\/pages\/722","targetHints":{"allow":["GET"]}}],"collection":[{"href":"https:\/\/qprcanada.ca\/fr\/wp-json\/wp\/v2\/pages"}],"about":[{"href":"https:\/\/qprcanada.ca\/fr\/wp-json\/wp\/v2\/types\/page"}],"author":[{"embeddable":true,"href":"https:\/\/qprcanada.ca\/fr\/wp-json\/wp\/v2\/users\/5"}],"replies":[{"embeddable":true,"href":"https:\/\/qprcanada.ca\/fr\/wp-json\/wp\/v2\/comments?post=722"}],"version-history":[{"count":10,"href":"https:\/\/qprcanada.ca\/fr\/wp-json\/wp\/v2\/pages\/722\/revisions"}],"predecessor-version":[{"id":1307,"href":"https:\/\/qprcanada.ca\/fr\/wp-json\/wp\/v2\/pages\/722\/revisions\/1307"}],"up":[{"embeddable":true,"href":"https:\/\/qprcanada.ca\/fr\/wp-json\/wp\/v2\/pages\/704"}],"wp:attachment":[{"href":"https:\/\/qprcanada.ca\/fr\/wp-json\/wp\/v2\/media?parent=722"}],"curies":[{"name":"wp","href":"https:\/\/api.w.org\/{rel}","templated":true}]}}