{"id":724,"date":"2014-06-16T14:32:35","date_gmt":"2014-06-16T18:32:35","guid":{"rendered":"http:\/\/qprcanada.ca\/?page_id=724"},"modified":"2018-06-21T13:45:51","modified_gmt":"2018-06-21T17:45:51","slug":"6690-scellant-a-fissures-et-joints-asphaltiques-pose-a-chaud","status":"publish","type":"page","link":"https:\/\/qprcanada.ca\/fr\/produits-et-services\/6690-scellant-a-fissures-et-joints-asphaltiques-pose-a-chaud\/","title":{"rendered":"6690 \u2013 scellant \u00e0 fissures et joints asphaltiques, pos\u00e9 \u00e0 chaud"},"content":{"rendered":"<div class=\"fusion-fullwidth fullwidth-box fusion-builder-row-1 hundred-percent-fullwidth non-hundred-percent-height-scrolling\" style=\"--awb-border-radius-top-left:0px;--awb-border-radius-top-right:0px;--awb-border-radius-bottom-right:0px;--awb-border-radius-bottom-left:0px;--awb-overflow:visible;--awb-flex-wrap:wrap;\" ><div class=\"fusion-builder-row fusion-row\"><div class=\"fusion-layout-column fusion_builder_column fusion-builder-column-0 fusion_builder_column_1_3 1_3 fusion-one-third fusion-column-first\" style=\"--awb-bg-size:cover;width:33.333333333333%;width:calc(33.333333333333% - ( ( 4% ) * 0.33333333333333 ) );margin-right: 4%;\"><div class=\"fusion-column-wrapper fusion-flex-column-wrapper-legacy\"><div class=\"fusion-text fusion-text-1\"><\/div><div class=\"fusion-image-element fusion-image-align-left in-legacy-container\" style=\"text-align:left;--awb-caption-title-font-family:var(--h2_typography-font-family);--awb-caption-title-font-weight:var(--h2_typography-font-weight);--awb-caption-title-font-style:var(--h2_typography-font-style);--awb-caption-title-size:var(--h2_typography-font-size);--awb-caption-title-transform:var(--h2_typography-text-transform);--awb-caption-title-line-height:var(--h2_typography-line-height);--awb-caption-title-letter-spacing:var(--h2_typography-letter-spacing);\"><span class=\" fusion-imageframe imageframe-none imageframe-1 hover-type-none fusion-animated\" style=\"margin-right:25px;float:left;\" data-animationType=\"bounceInDown\" data-animationDuration=\"1\" data-animationOffset=\"top-into-view\"><img decoding=\"async\" src=\"http:\/\/qprcanada.ca\/wp-content\/uploads\/2013\/10\/6690.png\" alt class=\"img-responsive\"\/><\/span><\/div><div class=\"fusion-text fusion-text-2\"><\/div><div class=\"fusion-text fusion-text-3\"><\/div><div class=\"fusion-clearfix\"><\/div><\/div><\/div><div class=\"fusion-layout-column fusion_builder_column fusion-builder-column-1 fusion_builder_column_2_3 2_3 fusion-two-third fusion-column-last\" style=\"--awb-bg-size:cover;width:66.666666666667%;width:calc(66.666666666667% - ( ( 4% ) * 0.66666666666667 ) );\"><div class=\"fusion-column-wrapper fusion-flex-column-wrapper-legacy\"><div class=\"fusion-text fusion-text-4\"><h3>Le 6690 \u2013 scellant \u00e0 fissures et joints asphaltiques, pos\u00e9 \u00e0 chaud QPR\u00ae est un produit souple et caoutchouteux de qualit\u00e9 commerciale, utilis\u00e9 pour r\u00e9parer les fissures de toute longueur et de toute largeur dans les chauss\u00e9es d&rsquo;asphalte. Bloc caoutchouteux solide au d\u00e9part, il est ensuite fondu dans une marmite sp\u00e9ciale et chauff\u00e9 \u00e0 375\u00a0\u00b0F. Une fois fondu, le scellant est vers\u00e9 dans les fissures. Il durcit \u00e0 l&rsquo;int\u00e9rieur de la fissure, emp\u00eachant l&rsquo;humidit\u00e9 de p\u00e9n\u00e9trer sous l&rsquo;asphalte. Ceci emp\u00eache la fissure de s&rsquo;agrandir, lui assure une r\u00e9paration de longue dur\u00e9e et une apparence esth\u00e9tique.<\/h3>\n<\/div><ul style=\"--awb-iconcolor:#FF671B;--awb-line-height:27.2px;--awb-icon-width:27.2px;--awb-icon-height:27.2px;--awb-icon-margin:11.2px;--awb-content-margin:38.4px;--awb-circlecolor:#a0ce4e;--awb-circle-yes-font-size:14.08px;\" class=\"fusion-checklist fusion-checklist-1 fusion-checklist-default type-icons\">\n\n<li class=\"fusion-li-item\" style=\"\"><span class=\"icon-wrapper circle-yes\"><i class=\"fusion-li-icon fa fa-check-square-o\" aria-hidden=\"true\"><\/i><\/span><div class=\"fusion-li-item-content\">Pour usage professionnel et commercial seulement<\/div><\/li>\n<li class=\"fusion-li-item\" style=\"\"><span class=\"icon-wrapper circle-yes\"><i class=\"fusion-li-icon fa fa-check-square-o\" aria-hidden=\"true\"><\/i><\/span><div class=\"fusion-li-item-content\">Certification ASTM<\/div><\/li>\n<li class=\"fusion-li-item\" style=\"\"><span class=\"icon-wrapper circle-yes\"><i class=\"fusion-li-icon fa fa-check-square-o\" aria-hidden=\"true\"><\/i><\/span><div class=\"fusion-li-item-content\">Compatible avec les marmites \u00e0 double paroi sur feu direct et \u00e0 l&rsquo;huile<\/div><\/li>\n<li class=\"fusion-li-item\" style=\"\"><span class=\"icon-wrapper circle-yes\"><i class=\"fusion-li-icon fa fa-check-square-o\" aria-hidden=\"true\"><\/i><\/span><div class=\"fusion-li-item-content\">Simple, rapide et \u00e9conomique<\/div><\/li>\n<li class=\"fusion-li-item\" style=\"\"><span class=\"icon-wrapper circle-yes\"><i class=\"fusion-li-icon fa fa-check-square-o\" aria-hidden=\"true\"><\/i><\/span><div class=\"fusion-li-item-content\">Dur\u00e9e de conservation de 5\u00a0ans<\/div><\/li>\n\n<\/ul><div class=\"fusion-button-wrapper\"><a class=\"fusion-button button-flat fusion-button-default-size button-default fusion-button-default button-1 fusion-button-default-span fusion-button-default-type\" target=\"_blank\" rel=\"noopener noreferrer\" href=\"http:\/\/qprcanada.ca\/wp-content\/uploads\/2018\/06\/GHS-QPR-CG-6690-NxGen-T1-T2-T3.pdf\"><span class=\"fusion-button-text awb-button__text awb-button__text--default\">Safety Data Sheet &#8211; SDS (PDF)<\/span><\/a><\/div><div class=\"fusion-clearfix\"><\/div><\/div><\/div><div class=\"fusion-layout-column fusion_builder_column fusion-builder-column-2 fusion_builder_column_1_1 1_1 fusion-one-full fusion-column-first fusion-column-last\" style=\"--awb-bg-size:cover;--awb-margin-bottom:0px;\"><div class=\"fusion-column-wrapper fusion-flex-column-wrapper-legacy\"><div class=\"fusion-text fusion-text-5\"><h3>Pourquoi le 6690 \u2013 scellant \u00e0 fissures et joints asphaltiques, pos\u00e9 \u00e0 chaud QPR\u00ae n&rsquo;est-il pas compl\u00e8tement durci?<\/h3>\n<p>Une fois appliqu\u00e9 et refroidi, le 6690 \u2013 scellant \u00e0 fissures et joints asphaltiques, pos\u00e9 \u00e0 chaud QPR\u00ae est con\u00e7u pour garder une certaine flexibilit\u00e9 afin de pouvoir se dilater et se comprimer selon les variations climatiques. Il est donc normal que ce type de mat\u00e9riau soit flexible au toucher. Il retient aussi temporairement les marques de pneus stationn\u00e9s dessus.<\/p>\n<h3>Une partie du 6690 \u2013 scellant \u00e0 fissures et joints asphaltiques, pos\u00e9 \u00e0 chaud QPR\u00ae est ressortie de la fissure! Qu&rsquo;est-ce que je dois faire?<\/h3>\n<p>Si vous stationnez directement sur du 6690 \u2013 scellant \u00e0 fissures et joints asphaltiques, pos\u00e9 \u00e0 chaud QPR\u00ae avec des pneus tr\u00e8s chauds apr\u00e8s un long trajet \u00e0 vitesse d&rsquo;autoroute, le mat\u00e9riau peut ressortir. Les pneus tr\u00e8s chauds peuvent r\u00e9chauffer le scellant, le faisant adh\u00e9rer au pneu quand il refroidit. Une petite portion du scellant pos\u00e9 \u00e0 chaud s&rsquo;enl\u00e8ve alors avec le pneu quand le v\u00e9hicule est d\u00e9plac\u00e9. Il est pr\u00e9f\u00e9rable de ne pas stationner sur le scellant quand les pneus sont tr\u00e8s chauds.<\/p>\n<h3>Quand peut-on appliquer une couche de scellement sur le 6690 \u2013 scellant \u00e0 fissures et joints asphaltiques, pos\u00e9 \u00e0 chaud QPR\u00ae?<\/h3>\n<p>Presque imm\u00e9diatement! La couche de scellement peut \u00eatre appliqu\u00e9e sur le 6690 \u2013 scellant \u00e0 fissures et joints asphaltiques, pos\u00e9 \u00e0 chaud QPR\u00ae 50\u00a0lb apr\u00e8s 5 \u00e0 10\u00a0minutes.<br \/>\nLe 6690 \u2013 scellant \u00e0 fissures et joints asphaltiques, pos\u00e9 \u00e0 chaud QPR\u00ae est-il visible sous la couche de scellement?<br \/>\nLa texture du scellant est plus lisse que celle de l&rsquo;asphalte, il est donc visible sous la couche de scellement. Cette visibilit\u00e9 est in\u00e9vitable si vous voulez prot\u00e9ger votre entr\u00e9e.<\/p>\n<p><a title=\"VID\u00c9O MODE D'EMPLOI DU SCELLANT \u00c0 FISSURES\" href=\"http:\/\/www.youtube.com\/watch?v=H5l-QfHYJss\" rel=\"prettyPhoto\"><img decoding=\"async\" src=\"http:\/\/qprcanada.ca\/wp-content\/uploads\/2014\/06\/6690How2Video-French.jpg\" alt=\"VID\u00c9O MODE D'EMPLOI DU SCELLANT \u00c0 FISSURES\" \/><\/a> <a title=\"Cliquez pour d\u00e9couvrir\" href=\"http:\/\/www.lowes.ca\/asphalt-repair-products\/qpr-50-lbs-hot-applied-crack-repair_g1323641.html\" target=\"_blank\" rel=\"noopener\"><img decoding=\"async\" title=\"\" src=\"http:\/\/qprcanada.ca\/wp-content\/uploads\/2014\/06\/6690LowesAd-French.jpg\" alt=\"\" \/><\/a><\/p>\n<\/div><div class=\"fusion-clearfix\"><\/div><\/div><\/div><\/div><\/div>\n","protected":false},"excerpt":{"rendered":"","protected":false},"author":5,"featured_media":0,"parent":704,"menu_order":3,"comment_status":"closed","ping_status":"open","template":"","meta":{"_monsterinsights_skip_tracking":false,"_monsterinsights_sitenote_active":false,"_monsterinsights_sitenote_note":"","_monsterinsights_sitenote_category":0,"footnotes":""},"class_list":["post-724","page","type-page","status-publish","hentry"],"aioseo_notices":[],"_links":{"self":[{"href":"https:\/\/qprcanada.ca\/fr\/wp-json\/wp\/v2\/pages\/724","targetHints":{"allow":["GET"]}}],"collection":[{"href":"https:\/\/qprcanada.ca\/fr\/wp-json\/wp\/v2\/pages"}],"about":[{"href":"https:\/\/qprcanada.ca\/fr\/wp-json\/wp\/v2\/types\/page"}],"author":[{"embeddable":true,"href":"https:\/\/qprcanada.ca\/fr\/wp-json\/wp\/v2\/users\/5"}],"replies":[{"embeddable":true,"href":"https:\/\/qprcanada.ca\/fr\/wp-json\/wp\/v2\/comments?post=724"}],"version-history":[{"count":9,"href":"https:\/\/qprcanada.ca\/fr\/wp-json\/wp\/v2\/pages\/724\/revisions"}],"predecessor-version":[{"id":1074,"href":"https:\/\/qprcanada.ca\/fr\/wp-json\/wp\/v2\/pages\/724\/revisions\/1074"}],"up":[{"embeddable":true,"href":"https:\/\/qprcanada.ca\/fr\/wp-json\/wp\/v2\/pages\/704"}],"wp:attachment":[{"href":"https:\/\/qprcanada.ca\/fr\/wp-json\/wp\/v2\/media?parent=724"}],"curies":[{"name":"wp","href":"https:\/\/api.w.org\/{rel}","templated":true}]}}